{"id":1197,"date":"2026-02-22T19:04:34","date_gmt":"2026-02-22T18:04:34","guid":{"rendered":"https:\/\/lions-leinetal.de\/?page_id=1197"},"modified":"2026-02-22T19:05:56","modified_gmt":"2026-02-22T18:05:56","slug":"impressum","status":"publish","type":"page","link":"https:\/\/lions-leinetal.de\/?page_id=1197","title":{"rendered":"Impressum"},"content":{"rendered":"\t\t<div data-elementor-type=\"wp-page\" data-elementor-id=\"1197\" class=\"elementor elementor-1197\">\n\t\t\t\t<div class=\"elementor-element elementor-element-a6eee62 e-flex e-con-boxed e-con e-parent\" data-id=\"a6eee62\" data-element_type=\"container\" data-e-type=\"container\">\n\t\t\t\t\t<div class=\"e-con-inner\">\n\t\t\t\t<div class=\"elementor-element elementor-element-17b743f elementor-widget elementor-widget-text-editor\" data-id=\"17b743f\" data-element_type=\"widget\" data-e-type=\"widget\" data-widget_type=\"text-editor.default\">\n\t\t\t\t<div class=\"elementor-widget-container\">\n\t\t\t\t\t\t\t\t\t<h2>Impressum<\/h2><h3 class=\"club-name\">Lions Deutschland<br \/>Lions Club Hannover-Leinetal<\/h3><p>Lions Club Hannover-Leinetal ist ein nicht rechtsf\u00e4higer Verein i.S.d. \u00a754 BGB ohne Rechtspers\u00f6nlichkeit und ohne wirtschaftliche Zielsetzung<\/p><h3>Vertreten durch<\/h3><p class=\"imprint-user\"><span class=\"name d-block\">Heyo Meyer<\/span><span class=\"street d-block\">Flohrscher Hof 2<\/span><span class=\"city d-block\"><span class=\"zip\">30880 <\/span><span class=\"city\">Laatzen<\/span><\/span><span class=\"phone d-block\">Telefon: 05102914159<\/span><span class=\"mail d-block\">E-Mail: <a href=\"mailto:hmeyer@meyer-riemenschneider.de\">hmeyer@meyer-riemenschneider.de<\/a><\/span><\/p><h3>Verantwortlich f\u00fcr den redaktionellen Inhalt<\/h3><p>Die Verantwortlichkeit bezieht sich auf die Webpr\u00e4senz des Lions-Clubs <span class=\"club-name\">Hannover-Leinetal<\/span>, die unter der Webseite erreichbar ist.<\/p><p>Angabe i.S. des \u00a7 5 DDG und Verantwortlichen i.S. \u00a718 MStV<\/p><p class=\"imprint-user\"><span class=\"name d-block\">Heyo Meyer<\/span><span class=\"street d-block\">Flohrscher Hof 2<\/span><span class=\"city d-block\"><span class=\"zip\">30880 <\/span><span class=\"city\">Laatzen<\/span><\/span><span class=\"phone d-block\">Telefon: 05102914159<\/span><span class=\"mail d-block\">E-Mail: <a href=\"mailto:hmeyer@meyer-riemenschneider.de\">hmeyer@meyer-riemenschneider.de<\/a><\/span><\/p><h3>Aufsichtsbeh\u00f6rde Datenschutz<\/h3><p>Der\/die Landesbeauftragte f\u00fcr den Datenschutz und die Informationsfreiheit<br \/>Homepage: <a href=\"https:\/\/www.bfdi.bund.de\/DE\/Service\/Anschriften\/Laender\/Laender-node.html\">https:\/\/www.bfdi.bund.de<\/a><\/p><h3>Datenschutz<\/h3><p>Das Datenschutzteam von Lions Clubs International \u2013 Multi-Distrikt 111-Deutschland erreichen Sie \u00fcber <a href=\"mailto:datenschutz@lions.de\">datenschutz@lions.de<\/a>.<\/p><h3>Haftungshinweis<\/h3><p>Trotz sorgf\u00e4ltiger inhaltlicher Kontrolle \u00fcbernehmen wir keine Haftung f\u00fcr die Inhalte externer Links. F\u00fcr den Inhalt der verlinkten Seiten sind ausschlie\u00dflich deren Betreiber verantwortlich.<\/p>\t\t\t\t\t\t\t\t<\/div>\n\t\t\t\t<\/div>\n\t\t\t\t\t<\/div>\n\t\t\t\t<\/div>\n\t\t\t\t<\/div>\n\t\t","protected":false},"excerpt":{"rendered":"<p>Impressum Lions DeutschlandLions Club Hannover-Leinetal Lions Club Hannover-Leinetal ist ein nicht rechtsf\u00e4higer Verein i.S.d. \u00a754 BGB ohne Rechtspers\u00f6nlichkeit und ohne wirtschaftliche Zielsetzung Vertreten durch Heyo MeyerFlohrscher Hof 230880 LaatzenTelefon: 05102914159E-Mail: hmeyer@meyer-riemenschneider.de Verantwortlich f\u00fcr den redaktionellen Inhalt Die Verantwortlichkeit bezieht sich auf die Webpr\u00e4senz des Lions-Clubs Hannover-Leinetal, die unter der Webseite erreichbar ist. Angabe i.S. des [&hellip;]<\/p>\n","protected":false},"author":1,"featured_media":0,"parent":0,"menu_order":0,"comment_status":"closed","ping_status":"closed","template":"","meta":{"site-sidebar-layout":"no-sidebar","site-content-layout":"page-builder","ast-site-content-layout":"full-width-container","site-content-style":"default","site-sidebar-style":"default","ast-global-header-display":"","ast-banner-title-visibility":"","ast-main-header-display":"","ast-hfb-above-header-display":"","ast-hfb-below-header-display":"","ast-hfb-mobile-header-display":"","site-post-title":"","ast-breadcrumbs-content":"","ast-featured-img":"disabled","footer-sml-layout":"","ast-disable-related-posts":"","theme-transparent-header-meta":"","adv-header-id-meta":"","stick-header-meta":"","header-above-stick-meta":"","header-main-stick-meta":"","header-below-stick-meta":"","astra-migrate-meta-layouts":"set","ast-page-background-enabled":"default","ast-page-background-meta":{"desktop":{"background-color":"","background-image":"","background-repeat":"repeat","background-position":"center center","background-size":"auto","background-attachment":"scroll","background-type":"","background-media":"","overlay-type":"","overlay-color":"","overlay-opacity":"","overlay-gradient":""},"tablet":{"background-color":"","background-image":"","background-repeat":"repeat","background-position":"center center","background-size":"auto","background-attachment":"scroll","background-type":"","background-media":"","overlay-type":"","overlay-color":"","overlay-opacity":"","overlay-gradient":""},"mobile":{"background-color":"","background-image":"","background-repeat":"repeat","background-position":"center center","background-size":"auto","background-attachment":"scroll","background-type":"","background-media":"","overlay-type":"","overlay-color":"","overlay-opacity":"","overlay-gradient":""}},"ast-content-background-meta":{"desktop":{"background-color":"var(--ast-global-color-5)","background-image":"","background-repeat":"repeat","background-position":"center center","background-size":"auto","background-attachment":"scroll","background-type":"","background-media":"","overlay-type":"","overlay-color":"","overlay-opacity":"","overlay-gradient":""},"tablet":{"background-color":"var(--ast-global-color-5)","background-image":"","background-repeat":"repeat","background-position":"center center","background-size":"auto","background-attachment":"scroll","background-type":"","background-media":"","overlay-type":"","overlay-color":"","overlay-opacity":"","overlay-gradient":""},"mobile":{"background-color":"var(--ast-global-color-5)","background-image":"","background-repeat":"repeat","background-position":"center center","background-size":"auto","background-attachment":"scroll","background-type":"","background-media":"","overlay-type":"","overlay-color":"","overlay-opacity":"","overlay-gradient":""}},"footnotes":""},"class_list":["post-1197","page","type-page","status-publish","hentry"],"_links":{"self":[{"href":"https:\/\/lions-leinetal.de\/index.php?rest_route=\/wp\/v2\/pages\/1197","targetHints":{"allow":["GET"]}}],"collection":[{"href":"https:\/\/lions-leinetal.de\/index.php?rest_route=\/wp\/v2\/pages"}],"about":[{"href":"https:\/\/lions-leinetal.de\/index.php?rest_route=\/wp\/v2\/types\/page"}],"author":[{"embeddable":true,"href":"https:\/\/lions-leinetal.de\/index.php?rest_route=\/wp\/v2\/users\/1"}],"replies":[{"embeddable":true,"href":"https:\/\/lions-leinetal.de\/index.php?rest_route=%2Fwp%2Fv2%2Fcomments&post=1197"}],"version-history":[{"count":5,"href":"https:\/\/lions-leinetal.de\/index.php?rest_route=\/wp\/v2\/pages\/1197\/revisions"}],"predecessor-version":[{"id":1202,"href":"https:\/\/lions-leinetal.de\/index.php?rest_route=\/wp\/v2\/pages\/1197\/revisions\/1202"}],"wp:attachment":[{"href":"https:\/\/lions-leinetal.de\/index.php?rest_route=%2Fwp%2Fv2%2Fmedia&parent=1197"}],"curies":[{"name":"wp","href":"https:\/\/api.w.org\/{rel}","templated":true}]}}